{"id":137,"date":"2021-09-06T18:34:02","date_gmt":"2021-09-06T18:34:02","guid":{"rendered":"https:\/\/www.carmenpilarestetica.es\/?page_id=137"},"modified":"2021-09-19T18:53:12","modified_gmt":"2021-09-19T18:53:12","slug":"micropigmentacion","status":"publish","type":"page","link":"https:\/\/www.carmenpilarestetica.es\/index.php\/micropigmentacion\/","title":{"rendered":"Micropigmentaci\u00f3n"},"content":{"rendered":"<p>[et_pb_section fb_built=\u00bb1&#8243; _builder_version=\u00bb4.9.4&#8243; _module_preset=\u00bbdefault\u00bb global_colors_info=\u00bb{}\u00bb][et_pb_row column_structure=\u00bb1_3,1_3,1_3&#8243; _builder_version=\u00bb4.9.4&#8243; _module_preset=\u00bbdefault\u00bb global_colors_info=\u00bb{}\u00bb][et_pb_column type=\u00bb1_3&#8243; _builder_version=\u00bb4.9.4&#8243; _module_preset=\u00bbdefault\u00bb global_colors_info=\u00bb{}\u00bb][et_pb_text _builder_version=\u00bb4.10.5&#8243; _module_preset=\u00bbdefault\u00bb custom_margin=\u00bb|-50px|||false|false\u00bb hover_enabled=\u00bb0&#8243; global_colors_info=\u00bb{}\u00bb sticky_enabled=\u00bb0&#8243;]<\/p>\n<h1><span style=\"color: #3366ff;\">Micropigmentaci\u00f3n<\/span><\/h1>\n<h3><span>OLVIDATE DE PERFILADOS<\/span><\/h3>\n<p>La micropigmentaci\u00f3n es una t\u00e9cnica similar al tatuado que suele emplearse para obtener efectos similares al maquillaje de forma permanente (como el contorno de los labios o el eyeliner) o como t\u00e9cnica reconstructiva.<\/p>\n<h2><span>MICRO PARAM\u00c9DICA<\/span><\/h2>\n<h3><span>CICATRICES?<\/span><\/h3>\n<p>Es la misma t\u00e9cnica que la micropigmentaci\u00f3n facial o maquillaje semipermanente, aplicada para mejorar peque\u00f1as zonas de piel cuyo color ha sido alterado por diferentes factores: cicatrices por accidentes o por intervenciones quir\u00fargicas, quemaduras, injertos, vit\u00edligos etc.<\/p>\n<p>[\/et_pb_text][\/et_pb_column][et_pb_column type=\u00bb1_3&#8243; _builder_version=\u00bb4.9.4&#8243; _module_preset=\u00bbdefault\u00bb global_colors_info=\u00bb{}\u00bb][et_pb_image src=\u00bbhttps:\/\/www.carmenpilarestetica.es\/wp-content\/uploads\/2021\/09\/1-2.png\u00bb title_text=\u00bb1&#8243; _builder_version=\u00bb4.10.5&#8243; _module_preset=\u00bbdefault\u00bb custom_margin=\u00bb|-100px||50px|false|false\u00bb global_colors_info=\u00bb{}\u00bb][\/et_pb_image][\/et_pb_column][et_pb_column type=\u00bb1_3&#8243; _builder_version=\u00bb4.9.4&#8243; _module_preset=\u00bbdefault\u00bb global_colors_info=\u00bb{}\u00bb][et_pb_social_media_follow _builder_version=\u00bb4.10.5&#8243; _module_preset=\u00bbdefault\u00bb text_orientation=\u00bbright\u00bb global_colors_info=\u00bb{}\u00bb][et_pb_social_media_follow_network social_network=\u00bbfacebook\u00bb _builder_version=\u00bb4.10.5&#8243; _module_preset=\u00bbdefault\u00bb background_color=\u00bb#3b5998&#8243; global_colors_info=\u00bb{}\u00bb follow_button=\u00bboff\u00bb url_new_window=\u00bbon\u00bb]facebook[\/et_pb_social_media_follow_network][et_pb_social_media_follow_network social_network=\u00bbtwitter\u00bb _builder_version=\u00bb4.10.5&#8243; _module_preset=\u00bbdefault\u00bb background_color=\u00bb#00aced\u00bb global_colors_info=\u00bb{}\u00bb follow_button=\u00bboff\u00bb url_new_window=\u00bbon\u00bb]twitter[\/et_pb_social_media_follow_network][et_pb_social_media_follow_network social_network=\u00bbinstagram\u00bb _builder_version=\u00bb4.10.5&#8243; _module_preset=\u00bbdefault\u00bb background_color=\u00bb#ea2c59&#8243; global_colors_info=\u00bb{}\u00bb follow_button=\u00bboff\u00bb url_new_window=\u00bbon\u00bb]instagram[\/et_pb_social_media_follow_network][\/et_pb_social_media_follow][\/et_pb_column][\/et_pb_row][et_pb_row column_structure=\u00bb1_2,1_2&#8243; _builder_version=\u00bb4.9.4&#8243; _module_preset=\u00bbdefault\u00bb global_colors_info=\u00bb{}\u00bb][et_pb_column type=\u00bb1_2&#8243; _builder_version=\u00bb4.9.4&#8243; _module_preset=\u00bbdefault\u00bb global_colors_info=\u00bb{}\u00bb][et_pb_text _builder_version=\u00bb4.9.4&#8243; _module_preset=\u00bbdefault\u00bb global_colors_info=\u00bb{}\u00bb]<\/p>\n<h1><span>CICATRICES Y AREOLAS COMPLETAS<\/span><\/h1>\n<h3><span>CICATRICES<\/span><\/h3>\n<p>Las cicatrices quir\u00fargicas m\u00c1s usuales tratadas con micropigmentraci\u00f3n son las de elevaci\u00f3n, reducci\u00f3n o aumento de mama, lifting, lipectom\u00edas y en algunos casos las causadas por accidentes.<\/p>\n<h3 class=\"title\"><span>AREOLAS COMPLETAS<\/span><\/h3>\n<p>Las areolas se pueden crear en personas con s\u00edndrome de Poland o como tratamiento complementario de la reconstrucci\u00f3n mamaria. Tambi\u00e9n se consigue embellecer unas areolas naturales aument\u00e1ndolas u oscureciendo su color.<\/p>\n<p>[\/et_pb_text][\/et_pb_column][et_pb_column type=\u00bb1_2&#8243; _builder_version=\u00bb4.9.4&#8243; _module_preset=\u00bbdefault\u00bb global_colors_info=\u00bb{}\u00bb][et_pb_image src=\u00bbhttps:\/\/www.carmenpilarestetica.es\/wp-content\/uploads\/2021\/09\/3-1.png\u00bb title_text=\u00bb3&#8243; _builder_version=\u00bb4.9.4&#8243; _module_preset=\u00bbdefault\u00bb global_colors_info=\u00bb{}\u00bb][\/et_pb_image][\/et_pb_column][\/et_pb_row][et_pb_row column_structure=\u00bb1_2,1_2&#8243; _builder_version=\u00bb4.9.4&#8243; _module_preset=\u00bbdefault\u00bb global_colors_info=\u00bb{}\u00bb][et_pb_column type=\u00bb1_2&#8243; _builder_version=\u00bb4.9.4&#8243; _module_preset=\u00bbdefault\u00bb global_colors_info=\u00bb{}\u00bb][et_pb_image src=\u00bbhttps:\/\/www.carmenpilarestetica.es\/wp-content\/uploads\/2021\/09\/4-1.png\u00bb title_text=\u00bb4&#8243; _builder_version=\u00bb4.9.4&#8243; _module_preset=\u00bbdefault\u00bb global_colors_info=\u00bb{}\u00bb][\/et_pb_image][\/et_pb_column][et_pb_column type=\u00bb1_2&#8243; _builder_version=\u00bb4.9.4&#8243; _module_preset=\u00bbdefault\u00bb global_colors_info=\u00bb{}\u00bb][et_pb_text _builder_version=\u00bb4.9.4&#8243; _module_preset=\u00bbdefault\u00bb global_colors_info=\u00bb{}\u00bb]<\/p>\n<h1><span>VIT\u00cdLIGOS Y LEUCODERMIAS IDIOP\u00c1TICAS<\/span><\/h1>\n<h3><span>VIT\u00cdLIGOS<\/span><\/h3>\n<p>El vit\u00edligo es una enfermedad degenerativa de la piel en la que los melanocitos (las c\u00e9lulas responsables de la pigmentaci\u00f3n de la piel) mueren, dejando as\u00ed de producir melanina. Dependiendo del caso se pueden pigmentar para conseguir un camuflaje color piel.<\/p>\n<h3><span>LEUCODERMIAS IDIOP\u00c1TICAS<\/span><\/h3>\n<p>Son despigmentaciones de la piel del tama\u00f1o de un lunar que van apareciendo con el paso del tiempo, predominantemente en las piernas. Micropigmentando unos puntos de color piel sobre ellas se consiguen disimular muy bien.<\/p>\n<p>[\/et_pb_text][\/et_pb_column][\/et_pb_row][et_pb_row _builder_version=\u00bb4.9.4&#8243; _module_preset=\u00bbdefault\u00bb global_colors_info=\u00bb{}\u00bb][et_pb_column type=\u00bb4_4&#8243; _builder_version=\u00bb4.9.4&#8243; _module_preset=\u00bbdefault\u00bb global_colors_info=\u00bb{}\u00bb][et_pb_text _builder_version=\u00bb4.9.4&#8243; _module_preset=\u00bbdefault\u00bb global_colors_info=\u00bb{}\u00bb]<\/p>\n<h1><span>CUERO CABELLUDO<\/span><\/h1>\n<p>Hoy d\u00eda la micropigmentaci\u00f3n es una herramienta muy \u00fatil en los tratamientos de est\u00e9tica capilar. Tras las intervenciones quir\u00fargicas de microinjertos podemos acabar de llenar los huecos con pigmento a modo de puntitos para conseguir un efecto tupido estupendo. Incluso puede lograrse un efecto rapado \u00fanicamente con esta est\u00e9tica. Del mismo modo, cicatrices en la cabeza quedan inapreciables despu\u00e9s de aplicar unos puntitos del color del cabello en ellas.<\/p>\n<p>[\/et_pb_text][\/et_pb_column][\/et_pb_row][et_pb_row _builder_version=\u00bb4.9.4&#8243; _module_preset=\u00bbdefault\u00bb link_option_url=\u00bbhttps:\/\/www.carmenpilarestetica.es\/wp-content\/uploads\/2021\/09\/preguntas_frecuentes_micropigmentacion.pdf\u00bb link_option_url_new_window=\u00bbon\u00bb global_colors_info=\u00bb{}\u00bb][et_pb_column type=\u00bb4_4&#8243; _builder_version=\u00bb4.9.4&#8243; _module_preset=\u00bbdefault\u00bb global_colors_info=\u00bb{}\u00bb][et_pb_text _builder_version=\u00bb4.9.4&#8243; _module_preset=\u00bbdefault\u00bb global_colors_info=\u00bb{}\u00bb]<\/p>\n<h3 style=\"text-align: center;\"><span>PREGUNTAS FRECUENTES SOBRE LA MICRO<\/span><\/h3>\n<p>[\/et_pb_text][et_pb_image src=\u00bbhttps:\/\/www.carmenpilarestetica.es\/wp-content\/uploads\/2021\/09\/pdf.png\u00bb title_text=\u00bbpdf\u00bb url_new_window=\u00bbon\u00bb align=\u00bbcenter\u00bb _builder_version=\u00bb4.9.4&#8243; _module_preset=\u00bbdefault\u00bb global_colors_info=\u00bb{}\u00bb][\/et_pb_image][\/et_pb_column][\/et_pb_row][\/et_pb_section]<\/p>\n","protected":false},"excerpt":{"rendered":"<p>Micropigmentaci\u00f3n OLVIDATE DE PERFILADOS La micropigmentaci\u00f3n es una t\u00e9cnica similar al tatuado que suele emplearse para obtener efectos similares al maquillaje de forma permanente (como el contorno de los labios o el eyeliner) o como t\u00e9cnica reconstructiva. MICRO PARAM\u00c9DICA CICATRICES? Es la misma t\u00e9cnica que la micropigmentaci\u00f3n facial o maquillaje semipermanente, aplicada para mejorar peque\u00f1as [&hellip;]<\/p>\n","protected":false},"author":1,"featured_media":0,"parent":0,"menu_order":0,"comment_status":"closed","ping_status":"closed","template":"","meta":{"_et_pb_use_builder":"on","_et_pb_old_content":"","_et_gb_content_width":"","footnotes":""},"class_list":["post-137","page","type-page","status-publish","hentry"],"_links":{"self":[{"href":"https:\/\/www.carmenpilarestetica.es\/index.php\/wp-json\/wp\/v2\/pages\/137","targetHints":{"allow":["GET"]}}],"collection":[{"href":"https:\/\/www.carmenpilarestetica.es\/index.php\/wp-json\/wp\/v2\/pages"}],"about":[{"href":"https:\/\/www.carmenpilarestetica.es\/index.php\/wp-json\/wp\/v2\/types\/page"}],"author":[{"embeddable":true,"href":"https:\/\/www.carmenpilarestetica.es\/index.php\/wp-json\/wp\/v2\/users\/1"}],"replies":[{"embeddable":true,"href":"https:\/\/www.carmenpilarestetica.es\/index.php\/wp-json\/wp\/v2\/comments?post=137"}],"version-history":[{"count":8,"href":"https:\/\/www.carmenpilarestetica.es\/index.php\/wp-json\/wp\/v2\/pages\/137\/revisions"}],"predecessor-version":[{"id":298,"href":"https:\/\/www.carmenpilarestetica.es\/index.php\/wp-json\/wp\/v2\/pages\/137\/revisions\/298"}],"wp:attachment":[{"href":"https:\/\/www.carmenpilarestetica.es\/index.php\/wp-json\/wp\/v2\/media?parent=137"}],"curies":[{"name":"wp","href":"https:\/\/api.w.org\/{rel}","templated":true}]}}