{"id":145,"date":"2021-09-06T18:40:03","date_gmt":"2021-09-06T18:40:03","guid":{"rendered":"https:\/\/www.carmenpilarestetica.es\/?page_id=145"},"modified":"2021-09-19T18:52:48","modified_gmt":"2021-09-19T18:52:48","slug":"manicura-y-pedicura","status":"publish","type":"page","link":"https:\/\/www.carmenpilarestetica.es\/index.php\/manicura-y-pedicura\/","title":{"rendered":"Manicura y Pedicura"},"content":{"rendered":"<p>[et_pb_section fb_built=\u00bb1&#8243; _builder_version=\u00bb4.9.4&#8243; _module_preset=\u00bbdefault\u00bb global_colors_info=\u00bb{}\u00bb][et_pb_row column_structure=\u00bb3_4,1_4&#8243; _builder_version=\u00bb4.9.4&#8243; _module_preset=\u00bbdefault\u00bb global_colors_info=\u00bb{}\u00bb][et_pb_column type=\u00bb3_4&#8243; _builder_version=\u00bb4.9.4&#8243; _module_preset=\u00bbdefault\u00bb global_colors_info=\u00bb{}\u00bb][et_pb_text _builder_version=\u00bb4.10.5&#8243; _module_preset=\u00bbdefault\u00bb hover_enabled=\u00bb0&#8243; global_colors_info=\u00bb{}\u00bb sticky_enabled=\u00bb0&#8243;]<\/p>\n<h1><span style=\"color: #3366ff;\">Manicura y pedicura<\/span><\/h1>\n<p>[\/et_pb_text][et_pb_image src=\u00bbhttps:\/\/www.carmenpilarestetica.es\/wp-content\/uploads\/2021\/09\/1-3.jpeg\u00bb title_text=\u00bb1&#8243; _builder_version=\u00bb4.9.4&#8243; _module_preset=\u00bbdefault\u00bb global_colors_info=\u00bb{}\u00bb][\/et_pb_image][\/et_pb_column][et_pb_column type=\u00bb1_4&#8243; _builder_version=\u00bb4.9.4&#8243; _module_preset=\u00bbdefault\u00bb global_colors_info=\u00bb{}\u00bb][et_pb_social_media_follow _builder_version=\u00bb4.10.5&#8243; _module_preset=\u00bbdefault\u00bb text_orientation=\u00bbright\u00bb global_colors_info=\u00bb{}\u00bb][et_pb_social_media_follow_network social_network=\u00bbfacebook\u00bb _builder_version=\u00bb4.10.5&#8243; _module_preset=\u00bbdefault\u00bb background_color=\u00bb#3b5998&#8243; global_colors_info=\u00bb{}\u00bb follow_button=\u00bboff\u00bb url_new_window=\u00bbon\u00bb]facebook[\/et_pb_social_media_follow_network][et_pb_social_media_follow_network social_network=\u00bbtwitter\u00bb _builder_version=\u00bb4.10.5&#8243; _module_preset=\u00bbdefault\u00bb background_color=\u00bb#00aced\u00bb global_colors_info=\u00bb{}\u00bb follow_button=\u00bboff\u00bb url_new_window=\u00bbon\u00bb]twitter[\/et_pb_social_media_follow_network][et_pb_social_media_follow_network social_network=\u00bbinstagram\u00bb _builder_version=\u00bb4.10.5&#8243; _module_preset=\u00bbdefault\u00bb background_color=\u00bb#ea2c59&#8243; global_colors_info=\u00bb{}\u00bb follow_button=\u00bboff\u00bb url_new_window=\u00bbon\u00bb]instagram[\/et_pb_social_media_follow_network][\/et_pb_social_media_follow][\/et_pb_column][\/et_pb_row][et_pb_row column_structure=\u00bb1_2,1_2&#8243; _builder_version=\u00bb4.9.4&#8243; _module_preset=\u00bbdefault\u00bb global_colors_info=\u00bb{}\u00bb][et_pb_column type=\u00bb1_2&#8243; _builder_version=\u00bb4.9.4&#8243; _module_preset=\u00bbdefault\u00bb global_colors_info=\u00bb{}\u00bb][et_pb_text _builder_version=\u00bb4.9.4&#8243; _module_preset=\u00bbdefault\u00bb global_colors_info=\u00bb{}\u00bb]<\/p>\n<h1><span class=\"strong\">ESMALTES DE LARGA DURACI\u00d3N<\/span><\/h1>\n<h2><span>\u201cU\u00d1AS PERFECTAS\u201d<\/span><\/h2>\n<p><span><span class=\"strong\">\u00bfQuieres que tus u\u00f1as permanezcan perfectamente pintadas por m\u00e1s tiempo?<br \/><\/span><br \/>Te ofrecemos la posibilidad de que pruebes la nueva manicura semipermanente. Ver\u00e1s como tus u\u00f1as permanecer\u00e1n impecables por hasta tres semanas, estamos tan seguros de ello, que si no es as\u00ed, te las volvemos a arreglar gratuitamente. Estamos convencidos que este tratamiento de u\u00f1as har\u00e1 que te sorprendamos.<\/span><\/p>\n<p>[\/et_pb_text][\/et_pb_column][et_pb_column type=\u00bb1_2&#8243; _builder_version=\u00bb4.9.4&#8243; _module_preset=\u00bbdefault\u00bb global_colors_info=\u00bb{}\u00bb][et_pb_image src=\u00bbhttps:\/\/www.carmenpilarestetica.es\/wp-content\/uploads\/2021\/09\/2-2.png\u00bb title_text=\u00bb2&#8243; _builder_version=\u00bb4.9.4&#8243; _module_preset=\u00bbdefault\u00bb global_colors_info=\u00bb{}\u00bb][\/et_pb_image][\/et_pb_column][\/et_pb_row][et_pb_row _builder_version=\u00bb4.9.4&#8243; _module_preset=\u00bbdefault\u00bb global_colors_info=\u00bb{}\u00bb][et_pb_column type=\u00bb4_4&#8243; _builder_version=\u00bb4.9.4&#8243; _module_preset=\u00bbdefault\u00bb global_colors_info=\u00bb{}\u00bb][et_pb_text _builder_version=\u00bb4.9.4&#8243; _module_preset=\u00bbdefault\u00bb global_colors_info=\u00bb{}\u00bb]<\/p>\n<h1><span>U\u00d1AS<\/span><\/h1>\n<h2><span>PIENSA EN TUS MANOS<\/span><\/h2>\n<p>En Centro Est\u00e9tico Carmen Pilar potenciamos mucho la atenci\u00f3n sobre las manos puesto que en muchas ocasiones son nuestra carta de presentaci\u00f3n; por eso merecen una especial atenci\u00f3n.<\/p>\n<p>Con la ventaja de poder escoger entre una amplia oferta.<\/p>\n<ul>\n<li>Manicura<\/li>\n<li>Manicura b\u00e1sica: u\u00f1as perfectas<\/li>\n<li>Manicura Francesa<\/li>\n<li>Manos y u\u00f1as perfectas. \u00a1Un cl\u00e1sico!<\/li>\n<li>Manicura S.P.A<\/li>\n<li>Manicura S.P.A: completa tu manicura con la belleza de tus manos, peeling, masaje y mascarilla.<\/li>\n<\/ul>\n<p>[\/et_pb_text][\/et_pb_column][\/et_pb_row][et_pb_row column_structure=\u00bb1_2,1_2&#8243; _builder_version=\u00bb4.9.4&#8243; _module_preset=\u00bbdefault\u00bb global_colors_info=\u00bb{}\u00bb][et_pb_column type=\u00bb1_2&#8243; _builder_version=\u00bb4.9.4&#8243; _module_preset=\u00bbdefault\u00bb global_colors_info=\u00bb{}\u00bb][et_pb_text _builder_version=\u00bb4.9.4&#8243; _module_preset=\u00bbdefault\u00bb global_colors_info=\u00bb{}\u00bb]<\/p>\n<h2><span>U\u00d1AS DE GEL<\/span><\/h2>\n<p>Esculpimos sobre la u\u00f1a natural aut\u00e9nticas obras de ingenier\u00eda con\u00a0un s\u00f3lo fin, asegurar que tus manos y pies tengan\u00a0un aspecto perfecto e impecable. Te ofrecemos un servicio profesional para el cuidado de tus manos.<\/p>\n<h2><span>U\u00d1AS DE PORCELANA<\/span><\/h2>\n<p>Las u\u00f1as artificiales son la soluci\u00f3n perfecta para u\u00f1as mordidas, quebradizas o que se rompen con facilidad\u2026<\/p>\n<p>[\/et_pb_text][\/et_pb_column][et_pb_column type=\u00bb1_2&#8243; _builder_version=\u00bb4.9.4&#8243; _module_preset=\u00bbdefault\u00bb global_colors_info=\u00bb{}\u00bb][et_pb_image src=\u00bbhttps:\/\/www.carmenpilarestetica.es\/wp-content\/uploads\/2021\/09\/3-2.png\u00bb title_text=\u00bb3&#8243; _builder_version=\u00bb4.9.4&#8243; _module_preset=\u00bbdefault\u00bb global_colors_info=\u00bb{}\u00bb][\/et_pb_image][\/et_pb_column][\/et_pb_row][et_pb_row column_structure=\u00bb1_2,1_2&#8243; _builder_version=\u00bb4.9.4&#8243; _module_preset=\u00bbdefault\u00bb global_colors_info=\u00bb{}\u00bb][et_pb_column type=\u00bb1_2&#8243; _builder_version=\u00bb4.9.4&#8243; _module_preset=\u00bbdefault\u00bb global_colors_info=\u00bb{}\u00bb][et_pb_text _builder_version=\u00bb4.9.4&#8243; _module_preset=\u00bbdefault\u00bb global_colors_info=\u00bb{}\u00bb]<\/p>\n<h1><span>PEDICURA<\/span><\/h1>\n<h2><span>TUS PIES TAMBI\u00c9N PERFECTOS<\/span><\/h2>\n<p>S\u00f3lo nos acordamos de los pies en verano pero necesitan cuidados todo el a\u00f1o por eso y seg\u00fan tiempo y necesidades te ofrecemos diversos servicios. Para ir un poco m\u00e1s all\u00e1 de una pedicura normal, completa la pedicura con peeling, masaje y mascarilla\u2026<\/p>\n<h2><span>PEDICURA CON ESMALTADO PERMANENTE<\/span><\/h2>\n<p>La combinaci\u00f3n perfecta, prolonga la perfecci\u00f3n de la pedicura durante mes y medio.<\/p>\n<p>[\/et_pb_text][\/et_pb_column][et_pb_column type=\u00bb1_2&#8243; _builder_version=\u00bb4.9.4&#8243; _module_preset=\u00bbdefault\u00bb global_colors_info=\u00bb{}\u00bb][et_pb_image src=\u00bbhttps:\/\/www.carmenpilarestetica.es\/wp-content\/uploads\/2021\/09\/4-2.png\u00bb title_text=\u00bb4&#8243; _builder_version=\u00bb4.9.4&#8243; _module_preset=\u00bbdefault\u00bb global_colors_info=\u00bb{}\u00bb][\/et_pb_image][\/et_pb_column][\/et_pb_row][\/et_pb_section]<\/p>\n","protected":false},"excerpt":{"rendered":"<p>Manicura y pedicurafacebooktwitterinstagramESMALTES DE LARGA DURACI\u00d3N \u201cU\u00d1AS PERFECTAS\u201d \u00bfQuieres que tus u\u00f1as permanezcan perfectamente pintadas por m\u00e1s tiempo?Te ofrecemos la posibilidad de que pruebes la nueva manicura semipermanente. Ver\u00e1s como tus u\u00f1as permanecer\u00e1n impecables por hasta tres semanas, estamos tan seguros de ello, que si no es as\u00ed, te las volvemos a arreglar gratuitamente. Estamos [&hellip;]<\/p>\n","protected":false},"author":1,"featured_media":0,"parent":0,"menu_order":0,"comment_status":"closed","ping_status":"closed","template":"","meta":{"_et_pb_use_builder":"on","_et_pb_old_content":"","_et_gb_content_width":"","footnotes":""},"class_list":["post-145","page","type-page","status-publish","hentry"],"_links":{"self":[{"href":"https:\/\/www.carmenpilarestetica.es\/index.php\/wp-json\/wp\/v2\/pages\/145","targetHints":{"allow":["GET"]}}],"collection":[{"href":"https:\/\/www.carmenpilarestetica.es\/index.php\/wp-json\/wp\/v2\/pages"}],"about":[{"href":"https:\/\/www.carmenpilarestetica.es\/index.php\/wp-json\/wp\/v2\/types\/page"}],"author":[{"embeddable":true,"href":"https:\/\/www.carmenpilarestetica.es\/index.php\/wp-json\/wp\/v2\/users\/1"}],"replies":[{"embeddable":true,"href":"https:\/\/www.carmenpilarestetica.es\/index.php\/wp-json\/wp\/v2\/comments?post=145"}],"version-history":[{"count":5,"href":"https:\/\/www.carmenpilarestetica.es\/index.php\/wp-json\/wp\/v2\/pages\/145\/revisions"}],"predecessor-version":[{"id":297,"href":"https:\/\/www.carmenpilarestetica.es\/index.php\/wp-json\/wp\/v2\/pages\/145\/revisions\/297"}],"wp:attachment":[{"href":"https:\/\/www.carmenpilarestetica.es\/index.php\/wp-json\/wp\/v2\/media?parent=145"}],"curies":[{"name":"wp","href":"https:\/\/api.w.org\/{rel}","templated":true}]}}