{"id":15,"date":"2021-04-23T16:30:27","date_gmt":"2021-04-23T16:30:27","guid":{"rendered":"https:\/\/www.carmenpilarestetica.es\/?page_id=15"},"modified":"2021-09-19T18:44:33","modified_gmt":"2021-09-19T18:44:33","slug":"el-centro","status":"publish","type":"page","link":"https:\/\/www.carmenpilarestetica.es\/index.php\/el-centro\/","title":{"rendered":"El Centro"},"content":{"rendered":"<p>[et_pb_section fb_built=\u00bb1&#8243; _builder_version=\u00bb4.9.4&#8243; _module_preset=\u00bbdefault\u00bb global_colors_info=\u00bb{}\u00bb][et_pb_row column_structure=\u00bb3_4,1_4&#8243; _builder_version=\u00bb4.9.4&#8243; _module_preset=\u00bbdefault\u00bb global_colors_info=\u00bb{}\u00bb][et_pb_column type=\u00bb3_4&#8243; _builder_version=\u00bb4.9.4&#8243; _module_preset=\u00bbdefault\u00bb global_colors_info=\u00bb{}\u00bb][et_pb_text _builder_version=\u00bb4.10.5&#8243; _module_preset=\u00bbdefault\u00bb hover_enabled=\u00bb0&#8243; global_colors_info=\u00bb{}\u00bb sticky_enabled=\u00bb0&#8243;]<\/p>\n<h1><span style=\"color: #3366ff;\">El Centro<\/span><\/h1>\n<h4>CARMEN PILAR EST\u00c9TICA es un centro de peluquer\u00eda y est\u00e9tica en Castell\u00f3n que se caracteriza por su constante innovaci\u00f3n en sus tratamientos de belleza.<\/h4>\n<h3><span style=\"color: #ff0000;\">M\u00c1S DE 20 A\u00d1OS DEDICADOS A HACERTE SENTIR BIEN POR DENTRO Y POR FUERA<\/span><\/h3>\n<p>[\/et_pb_text][\/et_pb_column][et_pb_column type=\u00bb1_4&#8243; _builder_version=\u00bb4.9.4&#8243; _module_preset=\u00bbdefault\u00bb global_colors_info=\u00bb{}\u00bb][et_pb_social_media_follow _builder_version=\u00bb4.10.5&#8243; _module_preset=\u00bbdefault\u00bb text_orientation=\u00bbright\u00bb global_colors_info=\u00bb{}\u00bb][et_pb_social_media_follow_network social_network=\u00bbfacebook\u00bb _builder_version=\u00bb4.10.5&#8243; _module_preset=\u00bbdefault\u00bb background_color=\u00bb#3b5998&#8243; global_colors_info=\u00bb{}\u00bb follow_button=\u00bboff\u00bb url_new_window=\u00bbon\u00bb]facebook[\/et_pb_social_media_follow_network][et_pb_social_media_follow_network social_network=\u00bbtwitter\u00bb _builder_version=\u00bb4.10.5&#8243; _module_preset=\u00bbdefault\u00bb background_color=\u00bb#00aced\u00bb global_colors_info=\u00bb{}\u00bb follow_button=\u00bboff\u00bb url_new_window=\u00bbon\u00bb]twitter[\/et_pb_social_media_follow_network][et_pb_social_media_follow_network social_network=\u00bbinstagram\u00bb _builder_version=\u00bb4.10.5&#8243; _module_preset=\u00bbdefault\u00bb background_color=\u00bb#ea2c59&#8243; global_colors_info=\u00bb{}\u00bb follow_button=\u00bboff\u00bb url_new_window=\u00bbon\u00bb]instagram[\/et_pb_social_media_follow_network][\/et_pb_social_media_follow][\/et_pb_column][\/et_pb_row][et_pb_row column_structure=\u00bb1_2,1_2&#8243; _builder_version=\u00bb4.9.4&#8243; _module_preset=\u00bbdefault\u00bb global_colors_info=\u00bb{}\u00bb][et_pb_column type=\u00bb1_2&#8243; _builder_version=\u00bb4.9.4&#8243; _module_preset=\u00bbdefault\u00bb global_colors_info=\u00bb{}\u00bb][et_pb_text _builder_version=\u00bb4.9.4&#8243; _module_preset=\u00bbdefault\u00bb global_colors_info=\u00bb{}\u00bb]<\/p>\n<p>CARMEN PILAR EST\u00c9TICA es un espacio dedicado a la belleza. Sus variados departamentos destinados al cabello, manos y pies, est\u00e9tica facial y corporal, maquillaje y un largo etc., hacen<br \/>posible la oferta de una multitud de servicios personalizados con los productos mas exclusivos del mercado y la aparatolog\u00eda de ultima generaci\u00f3n. Pensado para tu comodidad cuidando todos los detalles, nace en 1933 de la mano de Carmen Pilar, emprendedora y empresaria, experta en el mundo de la belleza.<\/p>\n<p>Con el objetivo de hacer que todos nuestros clientes se sientan c\u00f3modos, contentos y felices, Carmen Pilar, fuente y fuerza de CARMEN PILAR EST\u00c9TICA no detiene sus esfuerzos ni los de su equipo en hacer de la experiencia de los clientes momentos de disfrute y relajaci\u00f3n.<\/p>\n<p>En CARMEN PILAR EST\u00c9TICA trabajamos y preparamos con todo nuestro amor y dedicaci\u00f3n una gran variedad de tratamientos faciales y corporales para as\u00ed poder ofrec\u00e9rtelo que mas se adapte a tus necesidades tanto si eres hombre o mujer.<\/p>\n<p>Han pasado y a mas de 20 a\u00f1os de la puesta en marcha de una idea de negocio en la que se apost\u00f3 por la calidad, el servicio y la atenci\u00f3n al cliente por encima de todo.<\/p>\n<p>Durante estos a\u00f1os, cada una de las personas que nos han confiado su imagen, han puesto en nuestras manos un tesoro que nos ha exigido la responsabilidad de dar lo mejor de nosotros mismos.<\/p>\n<p>La satisfacci\u00f3n del trabajo bien hecho, nos ha permitido asumir cada uno de los retos que nos hemos ido encontrando con la humildad y la ilusi\u00f3n del primer d\u00eda, pero con la seguridad que nos aporta\u00a0la experiencia y el apoyo de todos nuestros clientes y amigos.<\/p>\n<p>[\/et_pb_text][\/et_pb_column][et_pb_column type=\u00bb1_2&#8243; _builder_version=\u00bb4.9.4&#8243; _module_preset=\u00bbdefault\u00bb global_colors_info=\u00bb{}\u00bb][et_pb_image src=\u00bbhttps:\/\/www.carmenpilarestetica.es\/wp-content\/uploads\/2021\/04\/img_centro_1.png\u00bb title_text=\u00bbimg_centro_1&#8243; _builder_version=\u00bb4.9.4&#8243; _module_preset=\u00bbdefault\u00bb global_colors_info=\u00bb{}\u00bb][\/et_pb_image][\/et_pb_column][\/et_pb_row][et_pb_row _builder_version=\u00bb4.9.4&#8243; _module_preset=\u00bbdefault\u00bb global_colors_info=\u00bb{}\u00bb][et_pb_column type=\u00bb4_4&#8243; _builder_version=\u00bb4.9.4&#8243; _module_preset=\u00bbdefault\u00bb global_colors_info=\u00bb{}\u00bb][et_pb_image src=\u00bbhttps:\/\/www.carmenpilarestetica.es\/wp-content\/uploads\/2021\/04\/cabecera_centro.png\u00bb title_text=\u00bbcabecera_centro\u00bb _builder_version=\u00bb4.9.4&#8243; _module_preset=\u00bbdefault\u00bb global_colors_info=\u00bb{}\u00bb][\/et_pb_image][\/et_pb_column][\/et_pb_row][et_pb_row column_structure=\u00bb1_2,1_2&#8243; _builder_version=\u00bb4.9.4&#8243; _module_preset=\u00bbdefault\u00bb global_colors_info=\u00bb{}\u00bb][et_pb_column type=\u00bb1_2&#8243; _builder_version=\u00bb4.9.4&#8243; _module_preset=\u00bbdefault\u00bb global_colors_info=\u00bb{}\u00bb][et_pb_text _builder_version=\u00bb4.9.4&#8243; _module_preset=\u00bbdefault\u00bb global_colors_info=\u00bb{}\u00bb]<\/p>\n<p><span>Desde hace muchos a\u00f1os pertenecemos a varias asociaciones, que han hecho esfuerzos para que se reconozcan como profesionales de cada sector, haciendo respetar su trabajo y profesionalidad, \u00a1por ello pertenecemos a estos colectivos donde la seriedad es la garant\u00eda de un trabajo bien hecho!<\/span><\/p>\n<p>[\/et_pb_text][\/et_pb_column][et_pb_column type=\u00bb1_2&#8243; _builder_version=\u00bb4.9.4&#8243; _module_preset=\u00bbdefault\u00bb global_colors_info=\u00bb{}\u00bb][et_pb_image src=\u00bbhttps:\/\/www.carmenpilarestetica.es\/wp-content\/uploads\/2021\/04\/img_centro_3.png\u00bb title_text=\u00bbimg_centro_3&#8243; _builder_version=\u00bb4.9.4&#8243; _module_preset=\u00bbdefault\u00bb global_colors_info=\u00bb{}\u00bb][\/et_pb_image][\/et_pb_column][\/et_pb_row][\/et_pb_section]<\/p>\n","protected":false},"excerpt":{"rendered":"<p>El Centro CARMEN PILAR EST\u00c9TICA es un centro de peluquer\u00eda y est\u00e9tica en Castell\u00f3n que se caracteriza por su constante innovaci\u00f3n en sus tratamientos de belleza. M\u00c1S DE 20 A\u00d1OS DEDICADOS A HACERTE SENTIR BIEN POR DENTRO Y POR FUERAfacebooktwitterinstagramCARMEN PILAR EST\u00c9TICA es un espacio dedicado a la belleza. Sus variados departamentos destinados al cabello, [&hellip;]<\/p>\n","protected":false},"author":1,"featured_media":0,"parent":0,"menu_order":0,"comment_status":"closed","ping_status":"closed","template":"","meta":{"_et_pb_use_builder":"on","_et_pb_old_content":"","_et_gb_content_width":"","footnotes":""},"class_list":["post-15","page","type-page","status-publish","hentry"],"_links":{"self":[{"href":"https:\/\/www.carmenpilarestetica.es\/index.php\/wp-json\/wp\/v2\/pages\/15","targetHints":{"allow":["GET"]}}],"collection":[{"href":"https:\/\/www.carmenpilarestetica.es\/index.php\/wp-json\/wp\/v2\/pages"}],"about":[{"href":"https:\/\/www.carmenpilarestetica.es\/index.php\/wp-json\/wp\/v2\/types\/page"}],"author":[{"embeddable":true,"href":"https:\/\/www.carmenpilarestetica.es\/index.php\/wp-json\/wp\/v2\/users\/1"}],"replies":[{"embeddable":true,"href":"https:\/\/www.carmenpilarestetica.es\/index.php\/wp-json\/wp\/v2\/comments?post=15"}],"version-history":[{"count":6,"href":"https:\/\/www.carmenpilarestetica.es\/index.php\/wp-json\/wp\/v2\/pages\/15\/revisions"}],"predecessor-version":[{"id":281,"href":"https:\/\/www.carmenpilarestetica.es\/index.php\/wp-json\/wp\/v2\/pages\/15\/revisions\/281"}],"wp:attachment":[{"href":"https:\/\/www.carmenpilarestetica.es\/index.php\/wp-json\/wp\/v2\/media?parent=15"}],"curies":[{"name":"wp","href":"https:\/\/api.w.org\/{rel}","templated":true}]}}