{"id":182,"date":"2021-09-16T08:22:16","date_gmt":"2021-09-16T08:22:16","guid":{"rendered":"https:\/\/www.carmenpilarestetica.es\/?page_id=182"},"modified":"2021-09-19T18:52:04","modified_gmt":"2021-09-19T18:52:04","slug":"maquillaje","status":"publish","type":"page","link":"https:\/\/www.carmenpilarestetica.es\/index.php\/maquillaje\/","title":{"rendered":"Maquillaje"},"content":{"rendered":"<p>[et_pb_section fb_built=\u00bb1&#8243; _builder_version=\u00bb4.10.5&#8243; _module_preset=\u00bbdefault\u00bb global_colors_info=\u00bb{}\u00bb][et_pb_row column_structure=\u00bb1_3,1_3,1_3&#8243; _builder_version=\u00bb4.10.5&#8243; _module_preset=\u00bbdefault\u00bb global_colors_info=\u00bb{}\u00bb][et_pb_column type=\u00bb1_3&#8243; _builder_version=\u00bb4.10.5&#8243; _module_preset=\u00bbdefault\u00bb global_colors_info=\u00bb{}\u00bb][et_pb_text _builder_version=\u00bb4.10.5&#8243; _module_preset=\u00bbdefault\u00bb custom_margin=\u00bb|-50px|||false|false\u00bb hover_enabled=\u00bb0&#8243; global_colors_info=\u00bb{}\u00bb sticky_enabled=\u00bb0&#8243;]<\/p>\n<h1><span style=\"color: #3366ff;\">Maquillaje<\/span><\/h1>\n<h3><span>MEJORA TU IMAGEN<\/span><\/h3>\n<p>El objetivo de cualquier maquillaje es vernos y que nos vean mejor que con la cara lavada; disimular imperfecciones, resaltar rasgos\u2026 e incluso proteger la piel contra los agentes externos.<\/p>\n<p>Por eso, dependiendo de las manos que lo lleven a cabo, los resultados pueden ser espectaculares\u2026 o decepcionantes.<\/p>\n<p>El maquillaje es un arte que necesita de ciertas t\u00e9cnicas y conocimientos para cumplir sus objetivos y, por supuesto, de los mejores productos.<\/p>\n<p>En Centro Est\u00e9tico Carmen Pilar, de la mano de nuestros profesionales conseguir\u00e1s estar perfecta en cualquier ocasi\u00f3n.<\/p>\n<p>[\/et_pb_text][\/et_pb_column][et_pb_column type=\u00bb1_3&#8243; _builder_version=\u00bb4.10.5&#8243; _module_preset=\u00bbdefault\u00bb global_colors_info=\u00bb{}\u00bb][et_pb_image src=\u00bbhttps:\/\/www.carmenpilarestetica.es\/wp-content\/uploads\/2021\/09\/1-4.png\u00bb title_text=\u00bb1&#8243; _builder_version=\u00bb4.10.5&#8243; _module_preset=\u00bbdefault\u00bb custom_margin=\u00bb|-100px||50px|false|false\u00bb global_colors_info=\u00bb{}\u00bb][\/et_pb_image][\/et_pb_column][et_pb_column type=\u00bb1_3&#8243; _builder_version=\u00bb4.10.5&#8243; _module_preset=\u00bbdefault\u00bb global_colors_info=\u00bb{}\u00bb][et_pb_social_media_follow _builder_version=\u00bb4.10.5&#8243; _module_preset=\u00bbdefault\u00bb text_orientation=\u00bbright\u00bb global_colors_info=\u00bb{}\u00bb][et_pb_social_media_follow_network social_network=\u00bbfacebook\u00bb _builder_version=\u00bb4.10.5&#8243; _module_preset=\u00bbdefault\u00bb background_color=\u00bb#3b5998&#8243; global_colors_info=\u00bb{}\u00bb follow_button=\u00bboff\u00bb url_new_window=\u00bbon\u00bb]facebook[\/et_pb_social_media_follow_network][et_pb_social_media_follow_network social_network=\u00bbtwitter\u00bb _builder_version=\u00bb4.10.5&#8243; _module_preset=\u00bbdefault\u00bb background_color=\u00bb#00aced\u00bb global_colors_info=\u00bb{}\u00bb follow_button=\u00bboff\u00bb url_new_window=\u00bbon\u00bb]twitter[\/et_pb_social_media_follow_network][et_pb_social_media_follow_network social_network=\u00bbinstagram\u00bb _builder_version=\u00bb4.10.5&#8243; _module_preset=\u00bbdefault\u00bb background_color=\u00bb#ea2c59&#8243; global_colors_info=\u00bb{}\u00bb follow_button=\u00bboff\u00bb url_new_window=\u00bbon\u00bb]instagram[\/et_pb_social_media_follow_network][\/et_pb_social_media_follow][\/et_pb_column][\/et_pb_row][et_pb_row _builder_version=\u00bb4.10.5&#8243; _module_preset=\u00bbdefault\u00bb global_colors_info=\u00bb{}\u00bb][et_pb_column type=\u00bb4_4&#8243; _builder_version=\u00bb4.10.5&#8243; _module_preset=\u00bbdefault\u00bb global_colors_info=\u00bb{}\u00bb][et_pb_text _builder_version=\u00bb4.10.5&#8243; _module_preset=\u00bbdefault\u00bb global_colors_info=\u00bb{}\u00bb]<\/p>\n<h3><span>MAQUILLAJE DE NOVIAS<\/span><\/h3>\n<p>Elegir bien el maquillaje el d\u00eda de tu boda es fundamental. El objetivo es sentirse segura y atractiva.<br \/>Eso significa apostar por el color en su justa medida, es mucho mejor dejar los excesos para otro d\u00eda y sobretodo elegir los tonos que m\u00e1s te favorecen.<\/p>\n<p>El maquillaje para ese d\u00eda tan significativo ha de ser natural y luminoso, respetar y resaltar la armon\u00eda del rostro. Evitar artificios y reforzar los puntos fuertes, por eso es imprescindible realizar al menos una prueba previa donde tendremos en cuenta la opini\u00f3n y gustos de la futura novia, el estilo del vestido y los complementos.<\/p>\n<p>Se puede llegar a conseguir un maquillaje natural con cualquier color, lo importante es la intensidad y procuramos mantener siempre un equilibrio entre lo tradicional y un resultado sofisticado e impecable.<\/p>\n<p>Lo principal, una prueba con nuestra maquilladora, que te ayudar\u00e1 a plasmar tus deseos, tus gustos y tus expectativas, para que te veas perfecta en tu gran d\u00eda.<\/p>\n<p>[\/et_pb_text][\/et_pb_column][\/et_pb_row][et_pb_row _builder_version=\u00bb4.10.5&#8243; _module_preset=\u00bbdefault\u00bb link_option_url=\u00bbhttps:\/\/www.carmenpilarestetica.es\/wp-content\/uploads\/2021\/09\/cursos_automaquillaje.pdf\u00bb link_option_url_new_window=\u00bbon\u00bb global_colors_info=\u00bb{}\u00bb][et_pb_column type=\u00bb4_4&#8243; _builder_version=\u00bb4.10.5&#8243; _module_preset=\u00bbdefault\u00bb global_colors_info=\u00bb{}\u00bb][et_pb_text _builder_version=\u00bb4.10.5&#8243; _module_preset=\u00bbdefault\u00bb global_colors_info=\u00bb{}\u00bb]<\/p>\n<h3 style=\"text-align: center;\"><a href=\"https:\/\/carmenpilarestetica.com\/wp-content\/uploads\/2016\/12\/cursos_automaquillaje.pdf\" target=\"_blank\" rel=\"noopener\"><span>CURSOS DE <\/span><\/a><a href=\"https:\/\/carmenpilarestetica.com\/wp-content\/uploads\/2016\/12\/cursos_automaquillaje.pdf\" target=\"_blank\" rel=\"noopener\"><span>AUTOMAQUILLAJE<\/span><\/a><\/h3>\n<p>[\/et_pb_text][et_pb_image src=\u00bbhttps:\/\/www.carmenpilarestetica.es\/wp-content\/uploads\/2021\/09\/pdf.png\u00bb title_text=\u00bbpdf\u00bb align=\u00bbcenter\u00bb _builder_version=\u00bb4.10.5&#8243; _module_preset=\u00bbdefault\u00bb global_colors_info=\u00bb{}\u00bb][\/et_pb_image][\/et_pb_column][\/et_pb_row][\/et_pb_section]<\/p>\n","protected":false},"excerpt":{"rendered":"<p>Maquillaje MEJORA TU IMAGEN El objetivo de cualquier maquillaje es vernos y que nos vean mejor que con la cara lavada; disimular imperfecciones, resaltar rasgos\u2026 e incluso proteger la piel contra los agentes externos. Por eso, dependiendo de las manos que lo lleven a cabo, los resultados pueden ser espectaculares\u2026 o decepcionantes. El maquillaje es [&hellip;]<\/p>\n","protected":false},"author":1,"featured_media":0,"parent":0,"menu_order":0,"comment_status":"closed","ping_status":"closed","template":"","meta":{"_et_pb_use_builder":"on","_et_pb_old_content":"","_et_gb_content_width":"","footnotes":""},"class_list":["post-182","page","type-page","status-publish","hentry"],"_links":{"self":[{"href":"https:\/\/www.carmenpilarestetica.es\/index.php\/wp-json\/wp\/v2\/pages\/182","targetHints":{"allow":["GET"]}}],"collection":[{"href":"https:\/\/www.carmenpilarestetica.es\/index.php\/wp-json\/wp\/v2\/pages"}],"about":[{"href":"https:\/\/www.carmenpilarestetica.es\/index.php\/wp-json\/wp\/v2\/types\/page"}],"author":[{"embeddable":true,"href":"https:\/\/www.carmenpilarestetica.es\/index.php\/wp-json\/wp\/v2\/users\/1"}],"replies":[{"embeddable":true,"href":"https:\/\/www.carmenpilarestetica.es\/index.php\/wp-json\/wp\/v2\/comments?post=182"}],"version-history":[{"count":7,"href":"https:\/\/www.carmenpilarestetica.es\/index.php\/wp-json\/wp\/v2\/pages\/182\/revisions"}],"predecessor-version":[{"id":295,"href":"https:\/\/www.carmenpilarestetica.es\/index.php\/wp-json\/wp\/v2\/pages\/182\/revisions\/295"}],"wp:attachment":[{"href":"https:\/\/www.carmenpilarestetica.es\/index.php\/wp-json\/wp\/v2\/media?parent=182"}],"curies":[{"name":"wp","href":"https:\/\/api.w.org\/{rel}","templated":true}]}}