{"id":196,"date":"2021-09-16T08:29:28","date_gmt":"2021-09-16T08:29:28","guid":{"rendered":"https:\/\/www.carmenpilarestetica.es\/?page_id=196"},"modified":"2021-09-19T18:51:24","modified_gmt":"2021-09-19T18:51:24","slug":"solarium","status":"publish","type":"page","link":"https:\/\/www.carmenpilarestetica.es\/index.php\/solarium\/","title":{"rendered":"Sol\u00e1rium"},"content":{"rendered":"<p>[et_pb_section fb_built=\u00bb1&#8243; _builder_version=\u00bb4.10.5&#8243; _module_preset=\u00bbdefault\u00bb global_colors_info=\u00bb{}\u00bb][et_pb_row column_structure=\u00bb1_3,1_3,1_3&#8243; _builder_version=\u00bb4.10.5&#8243; _module_preset=\u00bbdefault\u00bb global_colors_info=\u00bb{}\u00bb][et_pb_column type=\u00bb1_3&#8243; _builder_version=\u00bb4.10.5&#8243; _module_preset=\u00bbdefault\u00bb global_colors_info=\u00bb{}\u00bb][et_pb_text _builder_version=\u00bb4.10.5&#8243; _module_preset=\u00bbdefault\u00bb custom_margin=\u00bb|-50px|||false|false\u00bb hover_enabled=\u00bb0&#8243; global_colors_info=\u00bb{}\u00bb sticky_enabled=\u00bb0&#8243;]<\/p>\n<h1><span style=\"color: #3366ff;\">Sol\u00e1rium<\/span><\/h1>\n<h3><span>\u201cBRONC\u00c9ATE TODO EL A\u00d1O\u201d<\/span><\/h3>\n<p><span>Mant\u00e9n un bronceado perfecto todo el a\u00f1o. Ven y te convencer\u00e1s de todos los beneficios de mantener tu piel morena. Te ayudaremos a mantenerlo con nuestras sesiones en un sol\u00e1rium reservado, para que est\u00e9s m\u00e1s c\u00f3moda, adem\u00e1s te aconsejaremos en caso de que quieras utilizar alg\u00fan tipo de autobronceador seg\u00fan tu grosor de piel y como debes de aplic\u00e1rtelo o que debes hacer.<\/span><\/p>\n<p>[\/et_pb_text][\/et_pb_column][et_pb_column type=\u00bb1_3&#8243; _builder_version=\u00bb4.10.5&#8243; _module_preset=\u00bbdefault\u00bb global_colors_info=\u00bb{}\u00bb][et_pb_image src=\u00bbhttps:\/\/www.carmenpilarestetica.es\/wp-content\/uploads\/2021\/09\/1-6.png\u00bb title_text=\u00bb1&#8243; _builder_version=\u00bb4.10.5&#8243; _module_preset=\u00bbdefault\u00bb custom_margin=\u00bb|-100px||50px|false|false\u00bb global_colors_info=\u00bb{}\u00bb][\/et_pb_image][\/et_pb_column][et_pb_column type=\u00bb1_3&#8243; _builder_version=\u00bb4.10.5&#8243; _module_preset=\u00bbdefault\u00bb global_colors_info=\u00bb{}\u00bb][et_pb_social_media_follow _builder_version=\u00bb4.10.5&#8243; _module_preset=\u00bbdefault\u00bb text_orientation=\u00bbright\u00bb global_colors_info=\u00bb{}\u00bb][et_pb_social_media_follow_network social_network=\u00bbfacebook\u00bb _builder_version=\u00bb4.10.5&#8243; _module_preset=\u00bbdefault\u00bb background_color=\u00bb#3b5998&#8243; global_colors_info=\u00bb{}\u00bb follow_button=\u00bboff\u00bb url_new_window=\u00bbon\u00bb]facebook[\/et_pb_social_media_follow_network][et_pb_social_media_follow_network social_network=\u00bbtwitter\u00bb _builder_version=\u00bb4.10.5&#8243; _module_preset=\u00bbdefault\u00bb background_color=\u00bb#00aced\u00bb global_colors_info=\u00bb{}\u00bb follow_button=\u00bboff\u00bb url_new_window=\u00bbon\u00bb]twitter[\/et_pb_social_media_follow_network][et_pb_social_media_follow_network social_network=\u00bbinstagram\u00bb _builder_version=\u00bb4.10.5&#8243; _module_preset=\u00bbdefault\u00bb background_color=\u00bb#ea2c59&#8243; global_colors_info=\u00bb{}\u00bb follow_button=\u00bboff\u00bb url_new_window=\u00bbon\u00bb]instagram[\/et_pb_social_media_follow_network][\/et_pb_social_media_follow][\/et_pb_column][\/et_pb_row][\/et_pb_section]<\/p>\n","protected":false},"excerpt":{"rendered":"<p>Sol\u00e1rium \u201cBRONC\u00c9ATE TODO EL A\u00d1O\u201d Mant\u00e9n un bronceado perfecto todo el a\u00f1o. Ven y te convencer\u00e1s de todos los beneficios de mantener tu piel morena. Te ayudaremos a mantenerlo con nuestras sesiones en un sol\u00e1rium reservado, para que est\u00e9s m\u00e1s c\u00f3moda, adem\u00e1s te aconsejaremos en caso de que quieras utilizar alg\u00fan tipo de autobronceador seg\u00fan [&hellip;]<\/p>\n","protected":false},"author":1,"featured_media":0,"parent":0,"menu_order":0,"comment_status":"closed","ping_status":"closed","template":"","meta":{"_et_pb_use_builder":"on","_et_pb_old_content":"","_et_gb_content_width":"","footnotes":""},"class_list":["post-196","page","type-page","status-publish","hentry"],"_links":{"self":[{"href":"https:\/\/www.carmenpilarestetica.es\/index.php\/wp-json\/wp\/v2\/pages\/196","targetHints":{"allow":["GET"]}}],"collection":[{"href":"https:\/\/www.carmenpilarestetica.es\/index.php\/wp-json\/wp\/v2\/pages"}],"about":[{"href":"https:\/\/www.carmenpilarestetica.es\/index.php\/wp-json\/wp\/v2\/types\/page"}],"author":[{"embeddable":true,"href":"https:\/\/www.carmenpilarestetica.es\/index.php\/wp-json\/wp\/v2\/users\/1"}],"replies":[{"embeddable":true,"href":"https:\/\/www.carmenpilarestetica.es\/index.php\/wp-json\/wp\/v2\/comments?post=196"}],"version-history":[{"count":6,"href":"https:\/\/www.carmenpilarestetica.es\/index.php\/wp-json\/wp\/v2\/pages\/196\/revisions"}],"predecessor-version":[{"id":293,"href":"https:\/\/www.carmenpilarestetica.es\/index.php\/wp-json\/wp\/v2\/pages\/196\/revisions\/293"}],"wp:attachment":[{"href":"https:\/\/www.carmenpilarestetica.es\/index.php\/wp-json\/wp\/v2\/media?parent=196"}],"curies":[{"name":"wp","href":"https:\/\/api.w.org\/{rel}","templated":true}]}}