{"id":201,"date":"2021-09-16T08:31:30","date_gmt":"2021-09-16T08:31:30","guid":{"rendered":"https:\/\/www.carmenpilarestetica.es\/?page_id=201"},"modified":"2021-09-19T18:50:59","modified_gmt":"2021-09-19T18:50:59","slug":"tratamientos-corporales","status":"publish","type":"page","link":"https:\/\/www.carmenpilarestetica.es\/index.php\/tratamientos-corporales\/","title":{"rendered":"Tratamientos corporales"},"content":{"rendered":"<p>[et_pb_section fb_built=\u00bb1&#8243; _builder_version=\u00bb4.10.5&#8243; _module_preset=\u00bbdefault\u00bb global_colors_info=\u00bb{}\u00bb][et_pb_row column_structure=\u00bb1_3,1_3,1_3&#8243; _builder_version=\u00bb4.10.5&#8243; _module_preset=\u00bbdefault\u00bb global_colors_info=\u00bb{}\u00bb][et_pb_column type=\u00bb1_3&#8243; _builder_version=\u00bb4.10.5&#8243; _module_preset=\u00bbdefault\u00bb global_colors_info=\u00bb{}\u00bb][et_pb_text _builder_version=\u00bb4.10.5&#8243; _module_preset=\u00bbdefault\u00bb custom_margin=\u00bb|-50px|||false|false\u00bb hover_enabled=\u00bb0&#8243; global_colors_info=\u00bb{}\u00bb sticky_enabled=\u00bb0&#8243;]<\/p>\n<h1><span style=\"color: #3366ff;\">Tratamientos corporales<\/span><\/h1>\n<h3><span>DRENAJE LINF\u00c1TICO MANUAL<\/span><\/h3>\n<p>Un masaje para ganar belleza y salud.<br \/>T\u00e1ctica de masaje singular que drena y depura el organismo actuando sobre el sistema linf\u00e1tico mejorando la circulaci\u00f3n venosa y la eliminaci\u00f3n de toxinas.<br \/>El perfecto tratamiento para relajarse, desintoxicar y limpiar el organismo.<br \/>Especialmente indicado en post-operatorios: lipoesculturas, refinning, aumento de mama, lifting facial, etc\u2026<\/p>\n<p>Nos ayuda a drenar, movilizar grasas y moldear nuevamente el cuerpo. La finalidad de estos masajes es reactivar la circulaci\u00f3n sangu\u00ednea a nivel del tejido celular subcut\u00e1neo mejorando la oxigenaci\u00f3n celular y el aspecto de la piel de naranja.<\/p>\n<p>[\/et_pb_text][\/et_pb_column][et_pb_column type=\u00bb1_3&#8243; _builder_version=\u00bb4.10.5&#8243; _module_preset=\u00bbdefault\u00bb global_colors_info=\u00bb{}\u00bb][et_pb_image src=\u00bbhttps:\/\/www.carmenpilarestetica.es\/wp-content\/uploads\/2021\/09\/1-7.png\u00bb title_text=\u00bb1&#8243; _builder_version=\u00bb4.10.5&#8243; _module_preset=\u00bbdefault\u00bb custom_margin=\u00bb|-100px||50px|false|false\u00bb global_colors_info=\u00bb{}\u00bb][\/et_pb_image][\/et_pb_column][et_pb_column type=\u00bb1_3&#8243; _builder_version=\u00bb4.10.5&#8243; _module_preset=\u00bbdefault\u00bb global_colors_info=\u00bb{}\u00bb][et_pb_social_media_follow _builder_version=\u00bb4.10.5&#8243; _module_preset=\u00bbdefault\u00bb text_orientation=\u00bbright\u00bb global_colors_info=\u00bb{}\u00bb][et_pb_social_media_follow_network social_network=\u00bbfacebook\u00bb _builder_version=\u00bb4.10.5&#8243; _module_preset=\u00bbdefault\u00bb background_color=\u00bb#3b5998&#8243; global_colors_info=\u00bb{}\u00bb follow_button=\u00bboff\u00bb url_new_window=\u00bbon\u00bb]facebook[\/et_pb_social_media_follow_network][et_pb_social_media_follow_network social_network=\u00bbtwitter\u00bb _builder_version=\u00bb4.10.5&#8243; _module_preset=\u00bbdefault\u00bb background_color=\u00bb#00aced\u00bb global_colors_info=\u00bb{}\u00bb follow_button=\u00bboff\u00bb url_new_window=\u00bbon\u00bb]twitter[\/et_pb_social_media_follow_network][et_pb_social_media_follow_network social_network=\u00bbinstagram\u00bb _builder_version=\u00bb4.10.5&#8243; _module_preset=\u00bbdefault\u00bb background_color=\u00bb#ea2c59&#8243; global_colors_info=\u00bb{}\u00bb follow_button=\u00bboff\u00bb url_new_window=\u00bbon\u00bb]instagram[\/et_pb_social_media_follow_network][\/et_pb_social_media_follow][\/et_pb_column][\/et_pb_row][et_pb_row _builder_version=\u00bb4.10.5&#8243; _module_preset=\u00bbdefault\u00bb global_colors_info=\u00bb{}\u00bb][et_pb_column type=\u00bb4_4&#8243; _builder_version=\u00bb4.10.5&#8243; _module_preset=\u00bbdefault\u00bb global_colors_info=\u00bb{}\u00bb][et_pb_text _builder_version=\u00bb4.10.5&#8243; _module_preset=\u00bbdefault\u00bb global_colors_info=\u00bb{}\u00bb]<\/p>\n<h3><span>PEELING CON HIDRATACI\u00d3N CORPORAL<\/span><\/h3>\n<p>\u00a1Di adi\u00f3s a una piel seca y opaca!<br \/>Elimina toxinas y renueva tu piel con los beneficios de las Sales de Mar.<br \/>Mejora la hidrataci\u00f3n y la oxigenaci\u00f3n. Regenera, alisa y afina la piel. La mejor manera de comenzar cualquier tratamiento corporal.<br \/>Perfecto como preparaci\u00f3n para los ba\u00f1os de sol.<\/p>\n<h3><span>TONIFICANTE \/ REAFIRMANTE<\/span><\/h3>\n<p>Si la falta de tonicidad es el problema de tu piel este es tu masaje.<\/p>\n<h3><span>MASAJE RELAJANTE<\/span><\/h3>\n<p>El masaje estrella por excelencia. Regula el fluido energ\u00e9tico del cuerpo. Consigue una profunda relajaci\u00f3n, libera tensiones f\u00edsicas, mentales y emocionales.<br \/>El aroma de los aceites esenciales transporta a un mundo m\u00e1gico.<\/p>\n<h3><span>TRATAMIENTO CON ENVOLTURA DE ALGAS<\/span><\/h3>\n<p>Las algas concentran la mayor parte de los oligoelementos presentes en el medio marino: yodo, hierro, cobre, cinc, manganeso, boro\u2026<br \/>Por este motivo, las algas aportan todos los elementos biol\u00f3gicos indispensables para el mantenimiento de la salud y la belleza.<br \/>Los envolvimientos se aplican a todo el cuerpo porque cuanto mayor es la superficie recubierta de producto, m\u00e1s importante es la cantidad de iones marinos que atraviesan la epidermis.<br \/>Los tratamientos son integrales y personalizados: anticelul\u00edticos, reafirmantes y drenantes.<\/p>\n<p><span>Cuando nos atacan aquellos kilitos de m\u00e1s, la dieta no basta y el ejercicio nos agobia, un masaje reductor es la soluci\u00f3n.<\/span><\/p>\n<p>[\/et_pb_text][\/et_pb_column][\/et_pb_row][\/et_pb_section]<\/p>\n","protected":false},"excerpt":{"rendered":"<p>Tratamientos corporales DRENAJE LINF\u00c1TICO MANUAL Un masaje para ganar belleza y salud.T\u00e1ctica de masaje singular que drena y depura el organismo actuando sobre el sistema linf\u00e1tico mejorando la circulaci\u00f3n venosa y la eliminaci\u00f3n de toxinas.El perfecto tratamiento para relajarse, desintoxicar y limpiar el organismo.Especialmente indicado en post-operatorios: lipoesculturas, refinning, aumento de mama, lifting facial, etc\u2026 [&hellip;]<\/p>\n","protected":false},"author":1,"featured_media":0,"parent":0,"menu_order":0,"comment_status":"closed","ping_status":"closed","template":"","meta":{"_et_pb_use_builder":"on","_et_pb_old_content":"","_et_gb_content_width":"","footnotes":""},"class_list":["post-201","page","type-page","status-publish","hentry"],"_links":{"self":[{"href":"https:\/\/www.carmenpilarestetica.es\/index.php\/wp-json\/wp\/v2\/pages\/201","targetHints":{"allow":["GET"]}}],"collection":[{"href":"https:\/\/www.carmenpilarestetica.es\/index.php\/wp-json\/wp\/v2\/pages"}],"about":[{"href":"https:\/\/www.carmenpilarestetica.es\/index.php\/wp-json\/wp\/v2\/types\/page"}],"author":[{"embeddable":true,"href":"https:\/\/www.carmenpilarestetica.es\/index.php\/wp-json\/wp\/v2\/users\/1"}],"replies":[{"embeddable":true,"href":"https:\/\/www.carmenpilarestetica.es\/index.php\/wp-json\/wp\/v2\/comments?post=201"}],"version-history":[{"count":6,"href":"https:\/\/www.carmenpilarestetica.es\/index.php\/wp-json\/wp\/v2\/pages\/201\/revisions"}],"predecessor-version":[{"id":292,"href":"https:\/\/www.carmenpilarestetica.es\/index.php\/wp-json\/wp\/v2\/pages\/201\/revisions\/292"}],"wp:attachment":[{"href":"https:\/\/www.carmenpilarestetica.es\/index.php\/wp-json\/wp\/v2\/media?parent=201"}],"curies":[{"name":"wp","href":"https:\/\/api.w.org\/{rel}","templated":true}]}}