{"id":23,"date":"2021-04-23T16:31:55","date_gmt":"2021-04-23T16:31:55","guid":{"rendered":"https:\/\/www.carmenpilarestetica.es\/?page_id=23"},"modified":"2021-09-19T18:46:51","modified_gmt":"2021-09-19T18:46:51","slug":"tattoo-piercing","status":"publish","type":"page","link":"https:\/\/www.carmenpilarestetica.es\/index.php\/tattoo-piercing\/","title":{"rendered":"Tattoo &#038; Piercing"},"content":{"rendered":"<p>[et_pb_section fb_built=\u00bb1&#8243; _builder_version=\u00bb4.9.4&#8243; _module_preset=\u00bbdefault\u00bb global_colors_info=\u00bb{}\u00bb][et_pb_row column_structure=\u00bb1_3,1_3,1_3&#8243; _builder_version=\u00bb4.9.4&#8243; _module_preset=\u00bbdefault\u00bb global_colors_info=\u00bb{}\u00bb][et_pb_column type=\u00bb1_3&#8243; _builder_version=\u00bb4.9.4&#8243; _module_preset=\u00bbdefault\u00bb global_colors_info=\u00bb{}\u00bb][et_pb_text _builder_version=\u00bb4.10.5&#8243; _module_preset=\u00bbdefault\u00bb custom_margin=\u00bb|-50px|||false|false\u00bb hover_enabled=\u00bb0&#8243; global_colors_info=\u00bb{}\u00bb sticky_enabled=\u00bb0&#8243;]<\/p>\n<h1><span style=\"color: #3366ff;\">Tattoo &amp; piercing<\/span><\/h1>\n<h3><span>PIERCINGS SIN DOLOR Y SIN ALERGIAS<\/span><\/h3>\n<h4><span>TITANIO PARA AL\u00c9RGICOS AL METAL<\/span><\/h4>\n<p>Las perforaciones son una forma de modificaci\u00f3n corporal y reflejan tanto valores culturales, como religiosos y espirituales, y adem\u00e1s parte de la moda,<br \/>erotismo, inconformismo o identificaci\u00f3n con la personalidad de uno mismo. Disponemos de gran variedad de piercings de ceja, labio, lengua, nariz, ombligo, oreja, pez\u00f3n, plugs, dilatadores,\u2026 Y de diferentes formas y tama\u00f1os: Labret, barbell, bananas, anillos, espirales, plugs\u2026<\/p>\n<p>[\/et_pb_text][\/et_pb_column][et_pb_column type=\u00bb1_3&#8243; _builder_version=\u00bb4.9.4&#8243; _module_preset=\u00bbdefault\u00bb global_colors_info=\u00bb{}\u00bb][et_pb_image src=\u00bbhttps:\/\/www.carmenpilarestetica.es\/wp-content\/uploads\/2021\/09\/1-1.png\u00bb title_text=\u00bb1&#8243; _builder_version=\u00bb4.10.5&#8243; _module_preset=\u00bbdefault\u00bb custom_margin=\u00bb|-100px||50px|false|false\u00bb global_colors_info=\u00bb{}\u00bb][\/et_pb_image][\/et_pb_column][et_pb_column type=\u00bb1_3&#8243; _builder_version=\u00bb4.9.4&#8243; _module_preset=\u00bbdefault\u00bb global_colors_info=\u00bb{}\u00bb][et_pb_social_media_follow _builder_version=\u00bb4.10.5&#8243; _module_preset=\u00bbdefault\u00bb text_orientation=\u00bbright\u00bb global_colors_info=\u00bb{}\u00bb][et_pb_social_media_follow_network social_network=\u00bbfacebook\u00bb _builder_version=\u00bb4.10.5&#8243; _module_preset=\u00bbdefault\u00bb background_color=\u00bb#3b5998&#8243; global_colors_info=\u00bb{}\u00bb follow_button=\u00bboff\u00bb url_new_window=\u00bbon\u00bb]facebook[\/et_pb_social_media_follow_network][et_pb_social_media_follow_network social_network=\u00bbtwitter\u00bb _builder_version=\u00bb4.10.5&#8243; _module_preset=\u00bbdefault\u00bb background_color=\u00bb#00aced\u00bb global_colors_info=\u00bb{}\u00bb follow_button=\u00bboff\u00bb url_new_window=\u00bbon\u00bb]twitter[\/et_pb_social_media_follow_network][et_pb_social_media_follow_network social_network=\u00bbinstagram\u00bb _builder_version=\u00bb4.10.5&#8243; _module_preset=\u00bbdefault\u00bb background_color=\u00bb#ea2c59&#8243; global_colors_info=\u00bb{}\u00bb follow_button=\u00bboff\u00bb url_new_window=\u00bbon\u00bb]instagram[\/et_pb_social_media_follow_network][\/et_pb_social_media_follow][\/et_pb_column][\/et_pb_row][et_pb_row _builder_version=\u00bb4.9.4&#8243; _module_preset=\u00bbdefault\u00bb custom_padding=\u00bb0px|||||\u00bb global_colors_info=\u00bb{}\u00bb][et_pb_column type=\u00bb4_4&#8243; _builder_version=\u00bb4.9.4&#8243; _module_preset=\u00bbdefault\u00bb global_colors_info=\u00bb{}\u00bb][et_pb_text _builder_version=\u00bb4.9.4&#8243; _module_preset=\u00bbdefault\u00bb global_colors_info=\u00bb{}\u00bb]<\/p>\n<p>Adem\u00e1s podr\u00e1s elegir entre distintos materiales, pero fundamentalmente lo que m\u00e1s se suele\u00a0usar es el acero quir\u00fargico\u00a0316L, bioplast, titanio y materiales org\u00e1nicos.<\/p>\n<h3><span>PERSONALIZADO<\/span><\/h3>\n<p>Elige entre gran cantidad de varillas (rectas, curvas, labret, medio aro, espirales, anillos\u2026) de 1.2mm y 1.6mm con longitudes desde 6mm a 18mm, y comb\u00ednalas con m\u00e1s de 1000 dise\u00f1os de bolas y spikes diferentes.<\/p>\n<p>[\/et_pb_text][\/et_pb_column][\/et_pb_row][et_pb_row column_structure=\u00bb1_2,1_2&#8243; _builder_version=\u00bb4.9.4&#8243; _module_preset=\u00bbdefault\u00bb global_colors_info=\u00bb{}\u00bb][et_pb_column type=\u00bb1_2&#8243; _builder_version=\u00bb4.9.4&#8243; _module_preset=\u00bbdefault\u00bb global_colors_info=\u00bb{}\u00bb][et_pb_image src=\u00bbhttps:\/\/www.carmenpilarestetica.es\/wp-content\/uploads\/2021\/09\/2-1.png\u00bb title_text=\u00bb2&#8243; _builder_version=\u00bb4.9.4&#8243; _module_preset=\u00bbdefault\u00bb global_colors_info=\u00bb{}\u00bb][\/et_pb_image][\/et_pb_column][et_pb_column type=\u00bb1_2&#8243; _builder_version=\u00bb4.9.4&#8243; _module_preset=\u00bbdefault\u00bb global_colors_info=\u00bb{}\u00bb][et_pb_text _builder_version=\u00bb4.9.4&#8243; _module_preset=\u00bbdefault\u00bb global_colors_info=\u00bb{}\u00bb]<\/p>\n<h1><span>TATTOOS COMPLETOS<\/span><\/h1>\n<h3><span>\u201cCOMO TU PREFIERAS\u201d<\/span><\/h3>\n<p>Un tatuaje es una modificaci\u00f3n del color de la piel en el que se crea un dibujo, una figura o un texto con tinta o con alg\u00fan otro pigmento bajo la epidermis de una persona. En Centro Est\u00e9tico Carmen Pilar te ofrecemos la versi\u00f3n m\u00e1s rom\u00e1ntica y est\u00e9tica del mundo de los tatuajes. En un ambiente relajado y confortable podr\u00e1s tatuarte el dibujo que m\u00e1s te guste de los miles que tenemos o traer tu propio dise\u00f1o.<\/p>\n<p>[\/et_pb_text][\/et_pb_column][\/et_pb_row][et_pb_row _builder_version=\u00bb4.9.4&#8243; _module_preset=\u00bbdefault\u00bb link_option_url=\u00bbhttps:\/\/www.carmenpilarestetica.es\/wp-content\/uploads\/2021\/09\/preguntas_frecuentes_tattoo_piercing.pdf\u00bb link_option_url_new_window=\u00bbon\u00bb global_colors_info=\u00bb{}\u00bb][et_pb_column type=\u00bb4_4&#8243; _builder_version=\u00bb4.9.4&#8243; _module_preset=\u00bbdefault\u00bb global_colors_info=\u00bb{}\u00bb][et_pb_text _builder_version=\u00bb4.9.4&#8243; _module_preset=\u00bbdefault\u00bb custom_margin=\u00bb||1px|||\u00bb global_colors_info=\u00bb{}\u00bb]<\/p>\n<h3 style=\"text-align: center;\"><span>CUIDADOS DE TATTOOS Y PIERCINGS<\/span><\/h3>\n<p>[\/et_pb_text][et_pb_image src=\u00bbhttps:\/\/www.carmenpilarestetica.es\/wp-content\/uploads\/2021\/09\/pdf.png\u00bb title_text=\u00bbpdf\u00bb align=\u00bbcenter\u00bb _builder_version=\u00bb4.9.4&#8243; _module_preset=\u00bbdefault\u00bb global_colors_info=\u00bb{}\u00bb][\/et_pb_image][\/et_pb_column][\/et_pb_row][\/et_pb_section]<\/p>\n","protected":false},"excerpt":{"rendered":"<p>Tattoo &amp; piercing PIERCINGS SIN DOLOR Y SIN ALERGIAS TITANIO PARA AL\u00c9RGICOS AL METAL Las perforaciones son una forma de modificaci\u00f3n corporal y reflejan tanto valores culturales, como religiosos y espirituales, y adem\u00e1s parte de la moda,erotismo, inconformismo o identificaci\u00f3n con la personalidad de uno mismo. Disponemos de gran variedad de piercings de ceja, labio, [&hellip;]<\/p>\n","protected":false},"author":1,"featured_media":0,"parent":0,"menu_order":0,"comment_status":"closed","ping_status":"closed","template":"","meta":{"_et_pb_use_builder":"on","_et_pb_old_content":"","_et_gb_content_width":"","footnotes":""},"class_list":["post-23","page","type-page","status-publish","hentry"],"_links":{"self":[{"href":"https:\/\/www.carmenpilarestetica.es\/index.php\/wp-json\/wp\/v2\/pages\/23","targetHints":{"allow":["GET"]}}],"collection":[{"href":"https:\/\/www.carmenpilarestetica.es\/index.php\/wp-json\/wp\/v2\/pages"}],"about":[{"href":"https:\/\/www.carmenpilarestetica.es\/index.php\/wp-json\/wp\/v2\/types\/page"}],"author":[{"embeddable":true,"href":"https:\/\/www.carmenpilarestetica.es\/index.php\/wp-json\/wp\/v2\/users\/1"}],"replies":[{"embeddable":true,"href":"https:\/\/www.carmenpilarestetica.es\/index.php\/wp-json\/wp\/v2\/comments?post=23"}],"version-history":[{"count":7,"href":"https:\/\/www.carmenpilarestetica.es\/index.php\/wp-json\/wp\/v2\/pages\/23\/revisions"}],"predecessor-version":[{"id":285,"href":"https:\/\/www.carmenpilarestetica.es\/index.php\/wp-json\/wp\/v2\/pages\/23\/revisions\/285"}],"wp:attachment":[{"href":"https:\/\/www.carmenpilarestetica.es\/index.php\/wp-json\/wp\/v2\/media?parent=23"}],"curies":[{"name":"wp","href":"https:\/\/api.w.org\/{rel}","templated":true}]}}