{"id":6,"date":"2021-04-23T10:20:48","date_gmt":"2021-04-23T10:20:48","guid":{"rendered":"https:\/\/www.carmenpilarestetica.es\/?page_id=6"},"modified":"2021-09-16T08:35:11","modified_gmt":"2021-09-16T08:35:11","slug":"inicio","status":"publish","type":"page","link":"https:\/\/www.carmenpilarestetica.es\/","title":{"rendered":"Inicio"},"content":{"rendered":"<p>[et_pb_section fb_built=\u00bb1&#8243; next_background_color=\u00bb#ffffff\u00bb _builder_version=\u00bb4.9.4&#8243; _module_preset=\u00bbdefault\u00bb background_image=\u00bbhttps:\/\/www.carmenpilarestetica.es\/wp-content\/uploads\/2021\/09\/1.jpeg\u00bb bottom_divider_style=\u00bbcurve2&#8243; global_colors_info=\u00bb{}\u00bb][et_pb_row column_structure=\u00bb2_3,1_3&#8243; _builder_version=\u00bb4.9.4&#8243; _module_preset=\u00bbdefault\u00bb global_colors_info=\u00bb{}\u00bb][et_pb_column type=\u00bb2_3&#8243; _builder_version=\u00bb4.9.4&#8243; _module_preset=\u00bbdefault\u00bb global_colors_info=\u00bb{}\u00bb][et_pb_image src=\u00bbhttps:\/\/www.carmenpilarestetica.es\/wp-content\/uploads\/2021\/04\/logo-blanco.png\u00bb title_text=\u00bblogo-blanco\u00bb _builder_version=\u00bb4.9.4&#8243; _module_preset=\u00bbdefault\u00bb width=\u00bb56%\u00bb global_colors_info=\u00bb{}\u00bb][\/et_pb_image][\/et_pb_column][et_pb_column type=\u00bb1_3&#8243; _builder_version=\u00bb4.9.4&#8243; _module_preset=\u00bbdefault\u00bb global_colors_info=\u00bb{}\u00bb][et_pb_button button_text=\u00bbTel\u00e9fono: 964 25 78 63&#8243; button_alignment=\u00bbright\u00bb _builder_version=\u00bb4.9.4&#8243; _module_preset=\u00bbdefault\u00bb custom_button=\u00bbon\u00bb button_text_size=\u00bb14px\u00bb button_bg_color=\u00bb#FFFFFF\u00bb button_font=\u00bb|700|||||||\u00bb global_colors_info=\u00bb{}\u00bb][\/et_pb_button][\/et_pb_column][\/et_pb_row][et_pb_row _builder_version=\u00bb4.9.4&#8243; _module_preset=\u00bbdefault\u00bb global_colors_info=\u00bb{}\u00bb][et_pb_column type=\u00bb4_4&#8243; _builder_version=\u00bb4.9.4&#8243; _module_preset=\u00bbdefault\u00bb global_colors_info=\u00bb{}\u00bb][et_pb_menu menu_style=\u00bbcentered\u00bb _builder_version=\u00bb4.9.4&#8243; _module_preset=\u00bbdefault\u00bb menu_font=\u00bb|700|||||||\u00bb background_color=\u00bbrgba(255,255,255,0.71)\u00bb border_width_all=\u00bb2px\u00bb border_color_all=\u00bb#0C71C3&#8243; global_colors_info=\u00bb{}\u00bb][\/et_pb_menu][\/et_pb_column][\/et_pb_row][et_pb_row _builder_version=\u00bb4.9.4&#8243; _module_preset=\u00bbdefault\u00bb custom_margin=\u00bb91px||||false|false\u00bb global_colors_info=\u00bb{}\u00bb][et_pb_column type=\u00bb4_4&#8243; _builder_version=\u00bb4.9.4&#8243; _module_preset=\u00bbdefault\u00bb global_colors_info=\u00bb{}\u00bb][et_pb_text _builder_version=\u00bb4.9.4&#8243; _module_preset=\u00bbdefault\u00bb text_font=\u00bb|700|||||||\u00bb header_font=\u00bb|700|||||||\u00bb background_color=\u00bbrgba(255,255,255,0.71)\u00bb width=\u00bb33%\u00bb module_alignment=\u00bbright\u00bb custom_padding=\u00bb15px|15px|35px|15px|false|false\u00bb border_width_all=\u00bb2px\u00bb border_color_all=\u00bb#0C71C3&#8243; global_colors_info=\u00bb{}\u00bb]<\/p>\n<h1><a href=\"http:\/\/carmenpilarestetica.com\/?page_id=394\">Centro de est\u00e9tica en Castell\u00f3n<\/a><\/h1>\n<p>En Carmen Pilar Est\u00e9tica puedes encontrar los mejores tratamiento de belleza y salud. En nuestro sal\u00f3n de belleza encontrar\u00e1s tratamientos<\/p>\n<p>[\/et_pb_text][\/et_pb_column][\/et_pb_row][et_pb_row _builder_version=\u00bb4.9.4&#8243; _module_preset=\u00bbdefault\u00bb width=\u00bb9%\u00bb module_alignment=\u00bbright\u00bb custom_margin=\u00bb||-81px||false|false\u00bb global_colors_info=\u00bb{}\u00bb][et_pb_column type=\u00bb4_4&#8243; _builder_version=\u00bb4.9.4&#8243; _module_preset=\u00bbdefault\u00bb global_colors_info=\u00bb{}\u00bb][et_pb_button button_text=\u00bbLeer M\u00e1s\u00bb _builder_version=\u00bb4.9.4&#8243; _module_preset=\u00bbdefault\u00bb custom_button=\u00bbon\u00bb button_text_size=\u00bb14px\u00bb button_bg_color=\u00bb#0C71C3&#8243; button_font=\u00bb|700|||||||\u00bb background_layout=\u00bbdark\u00bb custom_margin=\u00bb-100px|||-216px|false|false\u00bb global_colors_info=\u00bb{}\u00bb][\/et_pb_button][\/et_pb_column][\/et_pb_row][\/et_pb_section][et_pb_section fb_built=\u00bb1&#8243; _builder_version=\u00bb4.9.4&#8243; _module_preset=\u00bbdefault\u00bb custom_padding=\u00bb3px|||||\u00bb bottom_divider_style=\u00bbcurve2&#8243; bottom_divider_color=\u00bbrgba(12,113,195,0.26)\u00bb global_colors_info=\u00bb{}\u00bb][et_pb_row _builder_version=\u00bb4.9.4&#8243; _module_preset=\u00bbdefault\u00bb global_colors_info=\u00bb{}\u00bb][et_pb_column type=\u00bb4_4&#8243; _builder_version=\u00bb4.9.4&#8243; _module_preset=\u00bbdefault\u00bb global_colors_info=\u00bb{}\u00bb][et_pb_text _builder_version=\u00bb4.9.4&#8243; _module_preset=\u00bbdefault\u00bb text_font=\u00bb|700|||||||\u00bb text_font_size=\u00bb18px\u00bb header_font=\u00bb|700|||||||\u00bb text_orientation=\u00bbcenter\u00bb global_colors_info=\u00bb{}\u00bb]<\/p>\n<h1>Centro de est\u00e9tica en Castell\u00f3n<\/h1>\n<p>En Carmen Pilar Est\u00e9tica puedes encontrar los mejores tratamientos de belleza y salud. En nuestro sal\u00f3n de belleza encontrar\u00e1s tratamientos personalizados con los mejores avances tecnol\u00f3gicos.<\/p>\n<p>[\/et_pb_text][\/et_pb_column][\/et_pb_row][\/et_pb_section][et_pb_section fb_built=\u00bb1&#8243; _builder_version=\u00bb4.9.4&#8243; _module_preset=\u00bbdefault\u00bb custom_padding=\u00bb25px||0px|||\u00bb global_colors_info=\u00bb{}\u00bb][et_pb_row column_structure=\u00bb1_3,1_3,1_3&#8243; _builder_version=\u00bb4.9.4&#8243; _module_preset=\u00bbdefault\u00bb global_colors_info=\u00bb{}\u00bb][et_pb_column type=\u00bb1_3&#8243; _builder_version=\u00bb4.9.4&#8243; _module_preset=\u00bbdefault\u00bb custom_padding=\u00bb5px|5px|5px|5px|false|false\u00bb border_width_all=\u00bb2px\u00bb border_color_all=\u00bb#0C71C3&#8243; global_colors_info=\u00bb{}\u00bb][et_pb_image src=\u00bbhttps:\/\/www.carmenpilarestetica.es\/wp-content\/uploads\/2021\/04\/IMG-20170224-WA0014-1024&#215;575-1.jpg\u00bb title_text=\u00bbIMG-20170224-WA0014-1024&#215;575&#8243; _builder_version=\u00bb4.9.4&#8243; _module_preset=\u00bbdefault\u00bb global_colors_info=\u00bb{}\u00bb][\/et_pb_image][et_pb_text _builder_version=\u00bb4.9.4&#8243; _module_preset=\u00bbdefault\u00bb text_font=\u00bb|700|||||||\u00bb global_colors_info=\u00bb{}\u00bb]<\/p>\n<h3><a href=\"http:\/\/carmenpilarestetica.com\/?page_id=5\">Con\u00f3cenos<\/a><\/h3>\n<p>Carmen Pilar Est\u00e9tica es un centro de peluquer\u00eda y est\u00e9tica que se caracteriza por su constante innovacion.<\/p>\n<p>[\/et_pb_text][et_pb_button button_text=\u00bbLeer M\u00e1s\u00bb _builder_version=\u00bb4.9.4&#8243; _module_preset=\u00bbdefault\u00bb custom_button=\u00bbon\u00bb button_text_size=\u00bb14px\u00bb global_colors_info=\u00bb{}\u00bb][\/et_pb_button][\/et_pb_column][et_pb_column type=\u00bb1_3&#8243; _builder_version=\u00bb4.9.4&#8243; _module_preset=\u00bbdefault\u00bb custom_padding=\u00bb5px|5px|5px|5px|false|false\u00bb border_width_all=\u00bb2px\u00bb border_color_all=\u00bb#0C71C3&#8243; global_colors_info=\u00bb{}\u00bb][et_pb_image src=\u00bbhttps:\/\/www.carmenpilarestetica.es\/wp-content\/uploads\/2021\/04\/IMG-20170224-WA0017-1024&#215;575-1.jpg\u00bb title_text=\u00bbIMG-20170224-WA0017-1024&#215;575&#8243; _builder_version=\u00bb4.9.4&#8243; _module_preset=\u00bbdefault\u00bb global_colors_info=\u00bb{}\u00bb][\/et_pb_image][et_pb_text _builder_version=\u00bb4.9.4&#8243; _module_preset=\u00bbdefault\u00bb text_font=\u00bb|700|||||||\u00bb global_colors_info=\u00bb{}\u00bb]<\/p>\n<h3><a href=\"http:\/\/carmenpilarestetica.com\/?page_id=16\">Tratamientos<\/a><\/h3>\n<p>En Carmen Pilar Est\u00e9tica tenemos una amplia gama de tratamientos de salud y belleza personalizables pensados para ti<\/p>\n<p>[\/et_pb_text][et_pb_button button_text=\u00bbLeer M\u00e1s\u00bb _builder_version=\u00bb4.9.4&#8243; _module_preset=\u00bbdefault\u00bb custom_button=\u00bbon\u00bb button_text_size=\u00bb14px\u00bb global_colors_info=\u00bb{}\u00bb][\/et_pb_button][\/et_pb_column][et_pb_column type=\u00bb1_3&#8243; _builder_version=\u00bb4.9.4&#8243; _module_preset=\u00bbdefault\u00bb custom_padding=\u00bb5px|5px|5px|5px|false|false\u00bb border_width_all=\u00bb2px\u00bb border_color_all=\u00bb#0C71C3&#8243; global_colors_info=\u00bb{}\u00bb][et_pb_image src=\u00bbhttps:\/\/www.carmenpilarestetica.es\/wp-content\/uploads\/2021\/09\/1.jpeg\u00bb title_text=\u00bb1&#8243; _builder_version=\u00bb4.9.4&#8243; _module_preset=\u00bbdefault\u00bb global_colors_info=\u00bb{}\u00bb][\/et_pb_image][et_pb_text _builder_version=\u00bb4.9.4&#8243; _module_preset=\u00bbdefault\u00bb text_font=\u00bb|700|||||||\u00bb global_colors_info=\u00bb{}\u00bb]<\/p>\n<h3><a href=\"http:\/\/carmenpilarestetica.com\/?page_id=22\">Tattoo &amp; Piercing<\/a><\/h3>\n<p>Piercing sin dolor y sin alergias. Tattoos completos en un ambiente relajado y confortable con el dise\u00f1o que prefieras<\/p>\n<p>[\/et_pb_text][et_pb_button button_text=\u00bbLeer M\u00e1s\u00bb _builder_version=\u00bb4.9.4&#8243; _module_preset=\u00bbdefault\u00bb custom_button=\u00bbon\u00bb button_text_size=\u00bb14px\u00bb global_colors_info=\u00bb{}\u00bb][\/et_pb_button][\/et_pb_column][\/et_pb_row][\/et_pb_section][et_pb_section fb_built=\u00bb1&#8243; _builder_version=\u00bb4.9.4&#8243; _module_preset=\u00bbdefault\u00bb custom_padding=\u00bb30px|||||\u00bb global_colors_info=\u00bb{}\u00bb][et_pb_row column_structure=\u00bb3_4,1_4&#8243; _builder_version=\u00bb4.9.4&#8243; _module_preset=\u00bbdefault\u00bb global_colors_info=\u00bb{}\u00bb][et_pb_column type=\u00bb3_4&#8243; _builder_version=\u00bb4.9.4&#8243; _module_preset=\u00bbdefault\u00bb global_colors_info=\u00bb{}\u00bb][et_pb_text _builder_version=\u00bb4.9.4&#8243; _module_preset=\u00bbdefault\u00bb text_font=\u00bb|700|||||||\u00bb text_font_size=\u00bb18px\u00bb global_colors_info=\u00bb{}\u00bb]<\/p>\n<p>Si tienes cualquier sugerencia o consulta, no dudes en ponerte en contacto con nosotros<\/p>\n<p>[\/et_pb_text][\/et_pb_column][et_pb_column type=\u00bb1_4&#8243; _builder_version=\u00bb4.9.4&#8243; _module_preset=\u00bbdefault\u00bb global_colors_info=\u00bb{}\u00bb][et_pb_button button_text=\u00bbContactanos\u00bb _builder_version=\u00bb4.9.4&#8243; _module_preset=\u00bbdefault\u00bb custom_margin=\u00bb-12px||||false|false\u00bb global_colors_info=\u00bb{}\u00bb][\/et_pb_button][\/et_pb_column][\/et_pb_row][\/et_pb_section][et_pb_section fb_built=\u00bb1&#8243; _builder_version=\u00bb4.9.4&#8243; _module_preset=\u00bbdefault\u00bb background_color=\u00bb#f47200&#8243; custom_padding=\u00bb19px|||||\u00bb global_colors_info=\u00bb{}\u00bb][et_pb_row column_structure=\u00bb1_3,1_3,1_3&#8243; _builder_version=\u00bb4.9.4&#8243; _module_preset=\u00bbdefault\u00bb global_colors_info=\u00bb{}\u00bb][et_pb_column type=\u00bb1_3&#8243; _builder_version=\u00bb4.9.4&#8243; _module_preset=\u00bbdefault\u00bb global_colors_info=\u00bb{}\u00bb][et_pb_text _builder_version=\u00bb4.9.4&#8243; _module_preset=\u00bbdefault\u00bb global_colors_info=\u00bb{}\u00bb]<\/p>\n<h4><span style=\"color: #ffffff;\">CON\u00d3CENOS<\/span><\/h4>\n<div class=\"textwidget\">\n<p><span style=\"color: #ffffff;\">Tel\u00e9fono contacto 964 25 78 63<\/span><br \/><span style=\"color: #ffffff;\">info@carmenpilarestetica.net<\/span><br \/><span style=\"color: #ffffff;\">C\/ Segorbe 21 \u00b7 Castell\u00f3n<\/span><\/p>\n<\/div>\n<p>[\/et_pb_text][\/et_pb_column][et_pb_column type=\u00bb1_3&#8243; _builder_version=\u00bb4.9.4&#8243; _module_preset=\u00bbdefault\u00bb global_colors_info=\u00bb{}\u00bb][et_pb_text _builder_version=\u00bb4.9.4&#8243; _module_preset=\u00bbdefault\u00bb global_colors_info=\u00bb{}\u00bb]<\/p>\n<h4><span style=\"color: #ffffff;\">S\u00cdGUENOS EN<\/span><\/h4>\n<p>[\/et_pb_text][et_pb_social_media_follow _builder_version=\u00bb4.9.4&#8243; _module_preset=\u00bbdefault\u00bb global_colors_info=\u00bb{}\u00bb][et_pb_social_media_follow_network social_network=\u00bbfacebook\u00bb url=\u00bbhttps:\/\/www.facebook.com\/carmenpilarestetica\/?pnref=lhc\u00bb _builder_version=\u00bb4.9.4&#8243; _module_preset=\u00bbdefault\u00bb background_color=\u00bb#3b5998&#8243; global_colors_info=\u00bb{}\u00bb follow_button=\u00bboff\u00bb url_new_window=\u00bbon\u00bb]facebook[\/et_pb_social_media_follow_network][et_pb_social_media_follow_network social_network=\u00bbtwitter\u00bb url=\u00bbhttps:\/\/twitter.com\/CEstetic\u00bb _builder_version=\u00bb4.9.4&#8243; _module_preset=\u00bbdefault\u00bb background_color=\u00bb#00aced\u00bb global_colors_info=\u00bb{}\u00bb follow_button=\u00bboff\u00bb url_new_window=\u00bbon\u00bb]twitter[\/et_pb_social_media_follow_network][et_pb_social_media_follow_network social_network=\u00bbinstagram\u00bb url=\u00bbhttps:\/\/www.instagram.com\/centro_estetico_carmen_pilar_\/\u00bb _builder_version=\u00bb4.9.4&#8243; _module_preset=\u00bbdefault\u00bb background_color=\u00bb#ea2c59&#8243; global_colors_info=\u00bb{}\u00bb follow_button=\u00bboff\u00bb url_new_window=\u00bbon\u00bb]instagram[\/et_pb_social_media_follow_network][\/et_pb_social_media_follow][\/et_pb_column][et_pb_column type=\u00bb1_3&#8243; _builder_version=\u00bb4.9.4&#8243; _module_preset=\u00bbdefault\u00bb global_colors_info=\u00bb{}\u00bb][et_pb_search placeholder=\u00bbEscribe aqu\u00ed\u00bb _builder_version=\u00bb4.9.4&#8243; _module_preset=\u00bbdefault\u00bb background_color=\u00bb#FFFFFF\u00bb global_colors_info=\u00bb{}\u00bb][\/et_pb_search][\/et_pb_column][\/et_pb_row][\/et_pb_section]<\/p>\n","protected":false},"excerpt":{"rendered":"<p>Centro de est\u00e9tica en Castell\u00f3n En Carmen Pilar Est\u00e9tica puedes encontrar los mejores tratamiento de belleza y salud. En nuestro sal\u00f3n de belleza encontrar\u00e1s tratamientosCentro de est\u00e9tica en Castell\u00f3n En Carmen Pilar Est\u00e9tica puedes encontrar los mejores tratamientos de belleza y salud. En nuestro sal\u00f3n de belleza encontrar\u00e1s tratamientos personalizados con los mejores avances tecnol\u00f3gicos.Con\u00f3cenos [&hellip;]<\/p>\n","protected":false},"author":1,"featured_media":0,"parent":0,"menu_order":0,"comment_status":"closed","ping_status":"closed","template":"page-template-blank.php","meta":{"_et_pb_use_builder":"on","_et_pb_old_content":"","_et_gb_content_width":"","footnotes":""},"class_list":["post-6","page","type-page","status-publish","hentry"],"_links":{"self":[{"href":"https:\/\/www.carmenpilarestetica.es\/index.php\/wp-json\/wp\/v2\/pages\/6","targetHints":{"allow":["GET"]}}],"collection":[{"href":"https:\/\/www.carmenpilarestetica.es\/index.php\/wp-json\/wp\/v2\/pages"}],"about":[{"href":"https:\/\/www.carmenpilarestetica.es\/index.php\/wp-json\/wp\/v2\/types\/page"}],"author":[{"embeddable":true,"href":"https:\/\/www.carmenpilarestetica.es\/index.php\/wp-json\/wp\/v2\/users\/1"}],"replies":[{"embeddable":true,"href":"https:\/\/www.carmenpilarestetica.es\/index.php\/wp-json\/wp\/v2\/comments?post=6"}],"version-history":[{"count":12,"href":"https:\/\/www.carmenpilarestetica.es\/index.php\/wp-json\/wp\/v2\/pages\/6\/revisions"}],"predecessor-version":[{"id":208,"href":"https:\/\/www.carmenpilarestetica.es\/index.php\/wp-json\/wp\/v2\/pages\/6\/revisions\/208"}],"wp:attachment":[{"href":"https:\/\/www.carmenpilarestetica.es\/index.php\/wp-json\/wp\/v2\/media?parent=6"}],"curies":[{"name":"wp","href":"https:\/\/api.w.org\/{rel}","templated":true}]}}